{"id":7,"date":"2010-08-11T09:59:45","date_gmt":"2010-08-11T09:59:45","guid":{"rendered":"http:\/\/letourdalex.ilinux.fr\/?page_id=2"},"modified":"2021-09-09T22:07:08","modified_gmt":"2021-09-09T20:07:08","slug":"about","status":"publish","type":"page","link":"https:\/\/letourdalex.ilinux.fr\/","title":{"rendered":"\u00c0 propos"},"content":{"rendered":"<p><a href=\"http:\/\/letourdalex.files.wordpress.com\/2010\/08\/photo-alex2.jpg\"><img loading=\"lazy\" decoding=\"async\" class=\"alignleft size-medium wp-image-1613\" title=\"Photo Alex\" src=\"http:\/\/letourdalex.files.wordpress.com\/2010\/08\/photo-alex2.jpg?w=300\" alt=\"\" width=\"300\" height=\"225\" \/><\/a>Je vais faire court. Je m\u2019appelle Alex, depuis mes 17 ans je voulais faire un tour du monde. Je suis parti \u00e0 l&rsquo;\u00e2ge de 25 ans en tour du monde, et \u00e0 26 ans, je suis rentr\u00e9. Entre temps, il s&rsquo;est pass\u00e9 390 jours et 42 pays visit\u00e9s.<br \/>\nVoici mes quelques \u00e9tapes : Suisse, Autriche, Hongrie, Roumanie, Bulgarie, Turquie, Inde, Tha\u00eflande, Malaisie, Indon\u00e9sie, Australie, \u00c9tats-Unis, une bonne partie de l&rsquo;Am\u00e9rique latine, Afrique du Sud, Namibie, \u00c9gypte, Jordanie, Isra\u00ebl et territoires palestiniens, Gr\u00e8ce et certains pays des Balkans pour remonter jusqu\u2019en Italie et enfin rentrer en France. Je ne d\u00e9taille pas trop, je vous laisse le soin de me lire dans la partie <a title=\"Tour du monde en 390 jours\" href=\"https:\/\/letourdalex.ilinux.fr\/?cat=2&amp;customize_changeset_uuid=cf51ef9f-4da5-4439-8f31-f895d2598aaa&amp;customize_autosaved=on\" target=\"_blank\" rel=\"noopener noreferrer\">\u00ab\u00a0Tour du monde en 390 jours\u00a0\u00bb<\/a>. Et pour le film, c\u2019est ici : <a href=\"https:\/\/letourdalex.ilinux.fr\/?page_id=1877\">\u00ab\u00a010CA74069 \u2013 1 an autour du monde\u00a0\u00bb.<\/a><\/p>\n<p><a href=\"http:\/\/letourdalex.files.wordpress.com\/2010\/08\/mosac3afque.jpg\"><img loading=\"lazy\" decoding=\"async\" class=\"aligncenter size-full wp-image-1827\" src=\"http:\/\/letourdalex.files.wordpress.com\/2010\/08\/mosac3afque.jpg\" alt=\"Mosa\u00efque\" width=\"595\" height=\"480\" \/><\/a><\/p>\n<p><span style=\"text-decoration: underline;\">Seul ou \u00e0 plusieurs ?<\/span><br \/>\nPour ma part, j\u2019ai pris ma d\u00e9cision : j&rsquo;ai voyag\u00e9 seul. Pourquoi ? Je vais vous r\u00e9pondre comme j\u2019ai r\u00e9pondu \u00e0 une dame \u00e2g\u00e9e en Suisse :<br \/>\n&#8211; \u00ab\u00a0Je ne veux pas faire un tour du monde en parlant le fran\u00e7ais et en me reposant quotidiennement sur l\u2019\u00e9paule de l\u2019autre. Je dois faire l\u2019effort de m\u2019immiscer pleinement dans la culture de chaque pays que je traverse. La preuve, si j\u2019\u00e9tais accompagn\u00e9, je ne vous aurais certainement jamais parl\u00e9. Vous auriez entendu deux personnes plaisanter dans une langue \u00e9trang\u00e8re\u00a0\u00bb.<\/p>\n<p>Voil\u00e0 tout l\u2019esprit de ce voyage !<\/p>\n<p>Attention, je ne suis pas cat\u00e9gorique : voyager \u00e0 deux pr\u00e9sente aussi des avantages. Tout d\u00e9pend de ce que vous attendez d\u2019un voyage\u2026 Mais entre nous, on est jamais vraiment seul m\u00eame si on voyage seul&#8230;<\/p>\n","protected":false},"excerpt":{"rendered":"<p>Je vais faire court. Je m\u2019appelle Alex, depuis mes 17 ans je voulais faire un tour du monde. Je suis parti \u00e0 l&rsquo;\u00e2ge de 25 ans en tour du monde, et \u00e0 26 ans, je suis rentr\u00e9. Entre temps, il s&rsquo;est pass\u00e9 390 jours et 42 pays visit\u00e9s. Voici mes quelques \u00e9tapes : Suisse, Autriche, &hellip; <a href=\"https:\/\/letourdalex.ilinux.fr\/\" class=\"more-link\">Continuer la lecture de <span class=\"screen-reader-text\">\u00c0 propos<\/span>  <span class=\"meta-nav\">&rarr;<\/span><\/a><\/p>\n","protected":false},"author":1,"featured_media":0,"parent":0,"menu_order":2,"comment_status":"open","ping_status":"open","template":"","meta":{"footnotes":""},"class_list":["post-7","page","type-page","status-publish","hentry"],"_links":{"self":[{"href":"https:\/\/letourdalex.ilinux.fr\/index.php?rest_route=\/wp\/v2\/pages\/7","targetHints":{"allow":["GET"]}}],"collection":[{"href":"https:\/\/letourdalex.ilinux.fr\/index.php?rest_route=\/wp\/v2\/pages"}],"about":[{"href":"https:\/\/letourdalex.ilinux.fr\/index.php?rest_route=\/wp\/v2\/types\/page"}],"author":[{"embeddable":true,"href":"https:\/\/letourdalex.ilinux.fr\/index.php?rest_route=\/wp\/v2\/users\/1"}],"replies":[{"embeddable":true,"href":"https:\/\/letourdalex.ilinux.fr\/index.php?rest_route=%2Fwp%2Fv2%2Fcomments&post=7"}],"version-history":[{"count":6,"href":"https:\/\/letourdalex.ilinux.fr\/index.php?rest_route=\/wp\/v2\/pages\/7\/revisions"}],"predecessor-version":[{"id":2678,"href":"https:\/\/letourdalex.ilinux.fr\/index.php?rest_route=\/wp\/v2\/pages\/7\/revisions\/2678"}],"wp:attachment":[{"href":"https:\/\/letourdalex.ilinux.fr\/index.php?rest_route=%2Fwp%2Fv2%2Fmedia&parent=7"}],"curies":[{"name":"wp","href":"https:\/\/api.w.org\/{rel}","templated":true}]}}