{"id":368,"date":"2010-11-05T12:44:37","date_gmt":"2010-11-05T11:44:37","guid":{"rendered":"http:\/\/letourdalex.ilinux.fr\/"},"modified":"2010-11-05T12:44:37","modified_gmt":"2010-11-05T11:44:37","slug":"rencontres-2","status":"publish","type":"page","link":"https:\/\/letourdalex.ilinux.fr\/?page_id=368","title":{"rendered":"Rencontres"},"content":{"rendered":"<p><span style=\"text-decoration:underline;\">Cor<\/span>\u00e9<span style=\"text-decoration:underline;\">e :<\/span><br \/>\n<img decoding=\"async\" alt=\"\" src=\"\/DOCUME%7E1\/Palito.net\/LOCALS%7E1\/Temp\/moz-screenshot.png\" \/><\/p>\n<figure style=\"width: 225px\" class=\"wp-caption alignleft\"><img loading=\"lazy\" decoding=\"async\" class=\"  \" title=\"Okhwan Yoon\" alt=\"\" src=\"http:\/\/letourdalex.files.wordpress.com\/2010\/10\/okhwan.jpg\" width=\"225\" height=\"300\" \/><figcaption class=\"wp-caption-text\">Okhwan Yoon<\/figcaption><\/figure>\n<p>Cor\u00e9e ? Mais je suis jamais passe par la Cor\u00e9e !<br \/>\nOkhwan, lui, est cor\u00e9en. Je l&rsquo;ai rencontr\u00e9 a Kathmandu, en revenant d&rsquo;un trek.<br \/>\nIl voyage a v\u00e9lo depuis 10 ans pour l&rsquo;unit\u00e9 entre les 2 Cor\u00e9e. Il a travers\u00e9 192 pays.<br \/>\nSon histoire est vraiment passionante.<\/p>\n<p>Voici comment je l&rsquo;ai rencontr\u00e9<strong> <\/strong><strong> <\/strong><strong> <\/strong>:<br \/>\nhttp:\/\/letourdalex.ilinux.fr\/2010\/10\/23\/les-2-corees\/<\/p>\n<p>Il faut ajouter a cela, qu&rsquo;il fut arret\u00e9 en 1984 pour s&rsquo;etre oppos\u00e9 au regime militaire sud-coreen de l&rsquo;epoque, et tortur\u00e9 par les forces de police. En rentrant, il souhaiterait rejoindre le Parlement Sud-Cor\u00e9en.<\/p>\n<p>Quelques lignes et plusieurs liens sur Wikipedia :<br \/>\nhttp:\/\/en.wikipedia.org\/wiki\/Okhwan_Yoon<\/p>\n<p>Et voici les coordonn\u00e9es de son site pour en savoir plus :<br \/>\nhttp:\/\/okhwanstory.com\/<\/p>\n<p><span style=\"text-decoration:underline;\">Indon<\/span>\u00e9<span style=\"text-decoration:underline;\">sie :<\/span><\/p>\n<figure style=\"width: 300px\" class=\"wp-caption alignleft\"><img loading=\"lazy\" decoding=\"async\" class=\"  \" title=\"LP. Grand English Course\" alt=\"\" src=\"http:\/\/letourdalex.files.wordpress.com\/2010\/11\/dscf5256.jpg\" width=\"300\" height=\"225\" \/><figcaption class=\"wp-caption-text\">LP. Grand English Course<\/figcaption><\/figure>\n<p>Pour tout ceux qui souhaitent venir enseigner l&rsquo;anglais aux eleves de Dumai, a l&rsquo;est de Sumatra, contactez Mouchsin.<br \/>\nVous etes loge et nourrit chez lui, au milieu de sa famille.<br \/>\nEn echange, vous animez le cours d&rsquo;anglais avec lui.<\/p>\n<p>Voici comment je l&rsquo;ai rencontr\u00e9 :<br \/>\n<strong> <\/strong><strong> <\/strong><strong><\/strong>http:\/\/letourdalex.ilinux.fr\/2010\/11\/04\/english-teacher\/<\/p>\n<p>Et voici ses coordonnees :<br \/>\nLP. Grand English Course<br \/>\nJl. Pemuda Laut Gg. Kemuning No. 21 Pkl. Sesai 28824<br \/>\nDumai &#8211; Riau &#8211; Sumatera &#8211; Indonesia<\/p>\n<p>Tel : (0765) 7007546 \/ 438546<br \/>\nPortable : 0813 7127 5956<\/p>\n<p>Adresse web : www.grandenglishcourse.co.cc<\/p>\n<p>Arrivez cool et sans prise de tete. Vous pouvez rester 1 jour, 3 semaines, voire plus. A vous de voir avec Mouchsin. Il est vraiment sympas et vient vous chercher a mobylette ou que vous soyez dans Dumai.<\/p>\n","protected":false},"excerpt":{"rendered":"<p>Cor\u00e9e : Cor\u00e9e ? Mais je suis jamais passe par la Cor\u00e9e ! Okhwan, lui, est cor\u00e9en. Je l&rsquo;ai rencontr\u00e9 a Kathmandu, en revenant d&rsquo;un trek. Il voyage a v\u00e9lo depuis 10 ans pour l&rsquo;unit\u00e9 entre les 2 Cor\u00e9e. Il a travers\u00e9 192 pays. Son histoire est vraiment passionante. Voici comment je l&rsquo;ai rencontr\u00e9 : &hellip; <a href=\"https:\/\/letourdalex.ilinux.fr\/?page_id=368\" class=\"more-link\">Continuer la lecture de <span class=\"screen-reader-text\">Rencontres<\/span>  <span class=\"meta-nav\">&rarr;<\/span><\/a><\/p>\n","protected":false},"author":1,"featured_media":0,"parent":0,"menu_order":3,"comment_status":"open","ping_status":"open","template":"","meta":{"footnotes":""},"class_list":["post-368","page","type-page","status-publish","hentry"],"_links":{"self":[{"href":"https:\/\/letourdalex.ilinux.fr\/index.php?rest_route=\/wp\/v2\/pages\/368","targetHints":{"allow":["GET"]}}],"collection":[{"href":"https:\/\/letourdalex.ilinux.fr\/index.php?rest_route=\/wp\/v2\/pages"}],"about":[{"href":"https:\/\/letourdalex.ilinux.fr\/index.php?rest_route=\/wp\/v2\/types\/page"}],"author":[{"embeddable":true,"href":"https:\/\/letourdalex.ilinux.fr\/index.php?rest_route=\/wp\/v2\/users\/1"}],"replies":[{"embeddable":true,"href":"https:\/\/letourdalex.ilinux.fr\/index.php?rest_route=%2Fwp%2Fv2%2Fcomments&post=368"}],"version-history":[{"count":0,"href":"https:\/\/letourdalex.ilinux.fr\/index.php?rest_route=\/wp\/v2\/pages\/368\/revisions"}],"wp:attachment":[{"href":"https:\/\/letourdalex.ilinux.fr\/index.php?rest_route=%2Fwp%2Fv2%2Fmedia&parent=368"}],"curies":[{"name":"wp","href":"https:\/\/api.w.org\/{rel}","templated":true}]}}