{"id":1925,"date":"2014-11-13T10:56:01","date_gmt":"2014-11-13T09:56:01","guid":{"rendered":"https:\/\/letourdalex.ilinux.fr\/?page_id=1925"},"modified":"2014-11-13T10:56:01","modified_gmt":"2014-11-13T09:56:01","slug":"3-letat-desprit","status":"publish","type":"page","link":"https:\/\/letourdalex.ilinux.fr\/?page_id=1925","title":{"rendered":"3 &#8211; L&rsquo;\u00e9tat d&rsquo;esprit"},"content":{"rendered":"<p>Il est tr\u00e8s d\u00e9routant d&rsquo;imaginer tous les ennuis et toutes les complications que vous pourriez rencontrer durant votre prochain long voyage.<\/p>\n<p>Forc\u00e9ment, avant le d\u00e9part, cela vous tracasse. Plus le Jour-J approche et plus vos grandes envol\u00e9es lyriques sur l&rsquo;Inconnu et la d\u00e9couverte des autres cultures s&rsquo;estompent.<br \/>\nC&rsquo;est bon signe !<br \/>\n\u00c7a veut dire que vous concr\u00e9tisez votre r\u00eave ; qu&rsquo;enfin, vous avez mis une date \u00e0 votre d\u00e9part, vous avez imagin\u00e9 les difficult\u00e9s que vous pourriez rencontrer dans tel ou tel cas de figure, les accidents possibles, les vols, les kidnapping, les agressions avec violence !!! Tentez de refermer ce chapitre et arr\u00eatez de vous dire que le jour de votre d\u00e9part correspond au jour o\u00f9 vous vous \u00eates jet\u00e9 dans la gueule du loup !<\/p>\n<p><a href=\"https:\/\/letourdalex.files.wordpress.com\/2014\/11\/se-jeter-dans-la-gueule-du-loup.jpg\"><img loading=\"lazy\" decoding=\"async\" class=\"aligncenter size-medium wp-image-1931\" src=\"https:\/\/letourdalex.files.wordpress.com\/2014\/11\/se-jeter-dans-la-gueule-du-loup.jpg?w=300\" alt=\"Se jeter dans la gueule du loup\" width=\"300\" height=\"229\" \/><\/a><\/p>\n<p>Et \u00e0 toutes les personnes de votre entourage qui tente de vous faire peur, r\u00e9pondez-leur que ces al\u00e9as peuvent tr\u00e8s bien survenir en bas de chez elles, dans la rue, \u00e0 tout moment. Parce qu&rsquo;il n&rsquo;y a pas un seul pays \u00e0 \u00e9viter !<br \/>\nIl y a des zones de conflit \u00e0 \u00e9viter, des zones d&rsquo;\u00e9pid\u00e9mies \u00e0 \u00e9viter, mais pas un seul pays \u00e0 \u00e9viter dans sa totalit\u00e9 !<br \/>\nLa seule exception survient lorsque votre nationalit\u00e9 est prise \u00e0 partie.<br \/>\n\u00c0 titre d&rsquo;exemple, en 2011, au 11\u00e8me mois de mon tour du monde, j&rsquo;avais l&rsquo;intention de traverser les pays du Maghreb jusqu&rsquo;en \u00c9gypte, en passant par la Libye.<br \/>\nLa France ayant pris part \u00e0 l&rsquo;op\u00e9ration de lib\u00e9ration du pays contre le r\u00e9gime de Khadafi, il \u00e9tait fortement conseill\u00e9 aux fran\u00e7ais install\u00e9s en Libye de quitter le pays.<\/p>\n<p>\u00c0 part ce type de conflit qu&rsquo;il faut prendre au s\u00e9rieux, la France a la c\u00f4te dans le monde, et vous pouvez circuler librement, sans crainte.<\/p>\n<p>Cela ne vous emp\u00eachera pas de passer une mauvaise nuit la veille de votre d\u00e9part, et d&rsquo;\u00eatre rempli d&rsquo;appr\u00e9hension. Mais d\u00e8s le 1er jour de votre voyage, vous voyez bien que les difficult\u00e9s n&rsquo;arrivent pas toutes d&rsquo;un coup.<br \/>\nEt quoique diff\u00e9rentes des obstacles rencontr\u00e9s dans votre &#8211; d\u00e9sormais &#8211; ancienne vie de s\u00e9dentaire, elles s&rsquo;affrontent une par une, au jour le jour.<\/p>\n<p>Et maintenant, voyagez !<\/p>\n","protected":false},"excerpt":{"rendered":"<p>Il est tr\u00e8s d\u00e9routant d&rsquo;imaginer tous les ennuis et toutes les complications que vous pourriez rencontrer durant votre prochain long voyage. Forc\u00e9ment, avant le d\u00e9part, cela vous tracasse. Plus le Jour-J approche et plus vos grandes envol\u00e9es lyriques sur l&rsquo;Inconnu et la d\u00e9couverte des autres cultures s&rsquo;estompent. C&rsquo;est bon signe ! \u00c7a veut dire que &hellip; <a href=\"https:\/\/letourdalex.ilinux.fr\/?page_id=1925\" class=\"more-link\">Continuer la lecture de <span class=\"screen-reader-text\">3 &#8211; L&rsquo;\u00e9tat d&rsquo;esprit<\/span>  <span class=\"meta-nav\">&rarr;<\/span><\/a><\/p>\n","protected":false},"author":1,"featured_media":0,"parent":0,"menu_order":0,"comment_status":"open","ping_status":"open","template":"","meta":{"footnotes":""},"class_list":["post-1925","page","type-page","status-publish","hentry"],"_links":{"self":[{"href":"https:\/\/letourdalex.ilinux.fr\/index.php?rest_route=\/wp\/v2\/pages\/1925","targetHints":{"allow":["GET"]}}],"collection":[{"href":"https:\/\/letourdalex.ilinux.fr\/index.php?rest_route=\/wp\/v2\/pages"}],"about":[{"href":"https:\/\/letourdalex.ilinux.fr\/index.php?rest_route=\/wp\/v2\/types\/page"}],"author":[{"embeddable":true,"href":"https:\/\/letourdalex.ilinux.fr\/index.php?rest_route=\/wp\/v2\/users\/1"}],"replies":[{"embeddable":true,"href":"https:\/\/letourdalex.ilinux.fr\/index.php?rest_route=%2Fwp%2Fv2%2Fcomments&post=1925"}],"version-history":[{"count":0,"href":"https:\/\/letourdalex.ilinux.fr\/index.php?rest_route=\/wp\/v2\/pages\/1925\/revisions"}],"wp:attachment":[{"href":"https:\/\/letourdalex.ilinux.fr\/index.php?rest_route=%2Fwp%2Fv2%2Fmedia&parent=1925"}],"curies":[{"name":"wp","href":"https:\/\/api.w.org\/{rel}","templated":true}]}}