{"id":1738,"date":"2013-07-08T19:29:50","date_gmt":"2013-07-08T17:29:50","guid":{"rendered":"https:\/\/letourdalex.ilinux.fr\/?page_id=1738"},"modified":"2013-07-08T19:29:50","modified_gmt":"2013-07-08T17:29:50","slug":"1-avant-meme-de-faire-son-sac","status":"publish","type":"page","link":"https:\/\/letourdalex.ilinux.fr\/?page_id=1738","title":{"rendered":"1 &#8211; Avant m\u00eame de faire son sac !"},"content":{"rendered":"<p>En fin d&rsquo;article, vous trouverez le r\u00e9sum\u00e9 imprimable.<\/p>\n<p><strong>1 &#8211; D\u00e9terminer son trajet<\/strong> &#8211; <em>3 ou 4 mois avant le d\u00e9part<\/em><\/p>\n<p><a href=\"http:\/\/letourdalex.files.wordpress.com\/2013\/07\/banderolle1.jpg\"><img loading=\"lazy\" decoding=\"async\" class=\"size-large wp-image-1740 alignnone\" title=\"D\u00e9terminer son trajet\" alt=\"\" src=\"http:\/\/letourdalex.files.wordpress.com\/2013\/07\/banderolle1.jpg?w=640\" width=\"640\" height=\"84\" \/><\/a><\/p>\n<p>L\u00e0, \u00e7a d\u00e9pend de vos envies !\u00a0 Tout est r\u00e9alisable, surtout pour un voyageur de nationalit\u00e9 fran\u00e7aise.<br \/>\nIl y a beaucoup d&rsquo;accords de libre circulation des personnes entre la France et le reste du monde, et quoiqu&rsquo;on en dise, les fran\u00e7ais sont tr\u00e8s bien vus \u00e0 l&rsquo;\u00e9tranger.<br \/>\nUne chose importante apr\u00e8s avoir fix\u00e9 les pays que vous allez traverser : donnez-vous une date pr\u00e9cise de d\u00e9part. Pas \u00ab\u00a0le mois de\u00a0\u00bb&#8230; pas \u00ab\u00a0la semaine du\u00a0\u00bb&#8230; mais UN JOUR J !<br \/>\nEt si possible, votre date &#8211; au mois pr\u00e8s- de retour.<br \/>\nTout cela vous aidera aussi pour les points suivants&#8230;<\/p>\n<p><strong>2 &#8211; Faire sa demande de passeport<\/strong> &#8211; <em>3 mois avant le d\u00e9part<\/em><\/p>\n<p><a href=\"http:\/\/letourdalex.files.wordpress.com\/2013\/07\/passeport.jpg\"><img loading=\"lazy\" decoding=\"async\" class=\"alignleft  wp-image-1741\" alt=\"Faire sa demande de passeport\" src=\"http:\/\/letourdalex.files.wordpress.com\/2013\/07\/passeport.jpg?w=212\" width=\"112\" height=\"160\" \/><\/a>Retirez le formulaire de demande de passeport aupr\u00e8s de votre mairie. On vous donnera un nouveau rendez-vous pour une date ult\u00e9rieure muni de vos pi\u00e8ces \u00e0 joindre<br \/>\n(justificatif de domicile, timbre fiscal \u00e0 86\u20ac, 2 photos d&rsquo;identit\u00e9, le formulaire rempli et votre carte d&rsquo;identit\u00e9 valide).<br \/>\nPensez \u00e0 bien anticiper cette demande de passeport. Si vous \u00eates certain de partir, et m\u00eame si vos n&rsquo;\u00eates pas fix\u00e9s sur vos destinations, ne tardez pas \u00e0 demander votre passeport.<br \/>\nPour une petite ville, le rendez-vous peut-\u00eatre pris quelques jours apr\u00e8s ou la semaine suivante, puis 10 jours \u00e0 3 semaines de plus avant de recevoir votre passeport.<br \/>\nSi vous habitez une grande ville, c&rsquo;est forc\u00e9ment plus long.<br \/>\nPourquoi ce rendez-vous et pourquoi ne pas tout renvoyer par courrier ? Parce qu&rsquo;avec les nouveaux passeports biom\u00e9triques, vous devrez obligatoirement enregistrer vos empreintes digitales et oculaires.<br \/>\nPr\u00e9sence indispensable donc.<\/p>\n<p><strong>3 &#8211; S&rsquo;occuper des visas<\/strong> &#8211; <em>3-4 mois avant le d\u00e9part<\/em><\/p>\n<p><a href=\"http:\/\/letourdalex.files.wordpress.com\/2013\/07\/visa1.jpg\"><img loading=\"lazy\" decoding=\"async\" class=\"alignleft size-medium wp-image-1743\" alt=\"S'occuper des visas\" src=\"http:\/\/letourdalex.files.wordpress.com\/2013\/07\/visa1.jpg?w=300\" width=\"300\" height=\"156\" \/><\/a>D\u00e9sormais, vous connaissez vos futures destinations.<br \/>\nEn fonction des pays travers\u00e9s, informez-vous sur les conditions d&rsquo;obtention d&rsquo;un visa.<br \/>\nC&rsquo;est au cas par cas :<br \/>\nCertains pays requiert juste le passeport sans aucun visa, d&rsquo;autres, le passeport avec un visa, et d&rsquo;autres encore, le passeport sans visa<br \/>\nmais avec la preuve de d\u00e9part pour un autre pays (billet d&rsquo;avion, ferry&#8230;).<br \/>\nD&rsquo;autres pays exigeront un visa avant de pouvoir fouler leur sol, donc \u00e0 faire depuis la France ou dans le pays limitrophe. Mais l\u00e0, c&rsquo;est plus compliqu\u00e9 :<br \/>\nseulement une ambassade par pays, la barri\u00e8re de la langue, la lenteur administrative&#8230;<br \/>\nPensez \u00e0 bien anticiper tant que vous \u00eates sur le sol fran\u00e7ais. La plupart des ambassades et consulats en France se trouvent forc\u00e9ment \u00e0 Paris.<br \/>\nVous devez donc donner votre passeport et attendre qu&rsquo;un visa lui soit accol\u00e9 avant qu&rsquo;on vous le rendre.<br \/>\nSi vous vous rendez sur place, cela peut se faire dans la journ\u00e9e (pour les ambassades les plus r\u00e9actives). Pour les plus lents, cela peut prendre de quelques jours \u00e0 une semaine si le retour s&rsquo;effectue par courrier.<br \/>\nSi\u00a0 vous habitez en province, il faut bien entendu prendre en compte le temps d&rsquo;envoi et de renvoi du passeport. En tout, comptez entre 10 jours et 3 semaines par visas.<\/p>\n<p>Alors pour \u00e9viter des allers-retours par courrier, v\u00e9rifiez bien les visas que vous devez faire en France, et ceux qui sont possibles de faire \u00e0 la fronti\u00e8re par voie terrestre, maritime ou a\u00e9rienne.<br \/>\nSi vous prenez l&rsquo;avion ou le bateau pour un pays \u00e9tranger, les formalit\u00e9s se font g\u00e9n\u00e9ralement dans les ports et les a\u00e9roports.<br \/>\nPour v\u00e9rifier chaque pays au cas par cas, rendez-vous sur :<\/p>\n<p><a href=\"http:\/\/www.diplomatie.gouv.fr\/fr\/conseils-aux-voyageurs\/conseils-par-pays\">http:\/\/www.diplomatie.gouv.fr\/fr\/conseils-aux-voyageurs\/conseils-par-pays<\/a><\/p>\n<p>Anticipez cela 3 ou 4 mois avant la date de votre d\u00e9part.<br \/>\nN&rsquo;oubliez pas que les pays exempt\u00e9s de visas ne vous dispense pas d&rsquo;un coup de tampon (parfois payant) \u00e0 l&rsquo;entr\u00e9e et \u00e0 la sortie du pays.<br \/>\nM\u00eame si certains postes de douane sont d\u00e9labr\u00e9s, bien cach\u00e9s derri\u00e8re les arbres, et qu&rsquo;il est possible de passer la fronti\u00e8re comme on entre dans un moulin, pensez \u00e0 la sortie !<br \/>\nAu mieux, ce sera un bakchich au poste-fronti\u00e8re sortant pour obtenir un coup de tampon antidat\u00e9, au pire, ce sera une amende.<br \/>\nMais si \u00e7a peut vous rassurer, les pays qui ne sont pas tr\u00e8s regardant sur les passages \u00e0 la fronti\u00e8re sont ceux qui pratiquent le plus les bakchichs.<br \/>\nEt le bakchich, c&rsquo;est moins cher qu&rsquo;une amende&#8230;<\/p>\n<p><strong>4 &#8211; Les vaccins<\/strong> &#8211; <em>2 mois maxi avant le d\u00e9part<\/em><\/p>\n<p><a href=\"http:\/\/letourdalex.files.wordpress.com\/2013\/07\/vaccin.jpg\"><img loading=\"lazy\" decoding=\"async\" class=\"alignleft size-medium wp-image-1744\" alt=\"Les vaccins\" src=\"http:\/\/letourdalex.files.wordpress.com\/2013\/07\/vaccin.jpg?w=237\" width=\"159\" height=\"205\" \/><\/a>Un tour du monde sur tous les continents ? Il va vous falloir une bonne batterie de vaccins.<br \/>\nNe tardez pas pour prendre rendez-vous, surtout quand arrive la saison estivale, o\u00f9 les demandes affluent.<br \/>\nDeuxi\u00e8me raison pour ne pas tarder : les piq\u00fbres de rappel, qui, pour certains vaccins, n\u00e9cessitent que vous reveniez entre 15 jours et 1 mois plus tard.<br \/>\nEt m\u00eame une 3\u00e8me fois pour certains.<br \/>\nTroisi\u00e8me raison pour ne pas tarder : ils doivent d&rsquo;abord les commander car ils ne les ont pas forc\u00e9ment tous en stock.<br \/>\nLes centres m\u00e9dicaux et dispensaires sont habilit\u00e9s \u00e0 vous les administrer.<br \/>\nDonnez-leur votre date de d\u00e9part, \u00e9num\u00e9rez les pays ou les continents que vous allez traverser et pr\u00e9cisez \u00e0 quelle saison vous comptez vous y rendre.<br \/>\nPour un tour du monde sur tous les continents et en toutes saisons, comptez plusieurs centaines d&rsquo;euros.<br \/>\nCertes, c&rsquo;est un budget, mais le fait de se savoir vaccin\u00e9 devient tr\u00e8s rassurant le jour o\u00f9 vous \u00eates seuls au milieu de nulle part<br \/>\net que des tics s&rsquo;agrippent \u00e0 vous pour tenter de vous infecter, ou lorsqu&rsquo;un chien de campagne vient de vous mordre \u00e0 la cuisse.<\/p>\n<p><strong>5 &#8211; Prendre une assurance<\/strong> &#8211; <em>De quelques mois \u00e0 quelques jours avant le d\u00e9part<\/em><\/p>\n<p>Tout se fait tr\u00e8s rapidement par internet. Donc m\u00eame si il ne vous reste qu&rsquo;une semaine avant le d\u00e9part, ce ne sera pas trop tard.<br \/>\nMais pensez-y ! Et \u00e7a porte bien son nom : c&rsquo;est l&rsquo;assurance de voir vos frais d&rsquo;hospitalisation rembours\u00e9s en cas de p\u00e9pin, c&rsquo;est une garantie de responsabilit\u00e9 civile, de rapatriement, de dommages li\u00e9s \u00e0 vos bagages&#8230;<br \/>\nN&rsquo;imaginez m\u00eame pas que quelques centaines d&rsquo;euros d\u00e9pens\u00e9s dans la souscription d&rsquo;une assurance voyage soit un prix exorbitant compar\u00e9 aux frais d&rsquo;hospitalisation de pays tels que les Etats-Unis, le Canada ou l&rsquo;Australie.<br \/>\nEt vous partez pour plusieurs mois !<br \/>\nMondial Assistance, AVI International, WorldNomads, April International&#8230; Vous avez le choix. Comparez.<br \/>\nC&rsquo;est ici qu&rsquo;entre en jeu votre date de retour envisag\u00e9e, car les prix diff\u00e8rent au mois pr\u00e8s.<br \/>\nToutefois, quelle que soit l&rsquo;assurance souscrite, il y aura toujours possibilit\u00e9 de la faire prolonger.<\/p>\n<p>\u00c0 partir de l\u00e0, vous voila m\u00e9dicalement, administrativement et juridiquement op\u00e9rationnel !<\/p>\n<p>Ci-dessous, le r\u00e9sum\u00e9 de cet article en version A4 imprimable. Cliquez sur l&rsquo;image puis imprimez-l\u00e0 depuis votre navigateur.<\/p>\n<p style=\"text-align:center;\"><a href=\"http:\/\/letourdalex.files.wordpress.com\/2013\/07\/avant-mc3aame-de-faire-son-sac-version-imprimable.jpg\"><img loading=\"lazy\" decoding=\"async\" class=\"aligncenter size-full wp-image-1767\" alt=\"Avant m\u00eame de faire son sac version imprimable\" src=\"http:\/\/letourdalex.files.wordpress.com\/2013\/07\/avant-mc3aame-de-faire-son-sac-version-imprimable.jpg\" width=\"595\" height=\"842\" \/><\/a><\/p>\n","protected":false},"excerpt":{"rendered":"<p>En fin d&rsquo;article, vous trouverez le r\u00e9sum\u00e9 imprimable. 1 &#8211; D\u00e9terminer son trajet &#8211; 3 ou 4 mois avant le d\u00e9part L\u00e0, \u00e7a d\u00e9pend de vos envies !\u00a0 Tout est r\u00e9alisable, surtout pour un voyageur de nationalit\u00e9 fran\u00e7aise. Il y a beaucoup d&rsquo;accords de libre circulation des personnes entre la France et le reste du &hellip; <a href=\"https:\/\/letourdalex.ilinux.fr\/?page_id=1738\" class=\"more-link\">Continuer la lecture de <span class=\"screen-reader-text\">1 &#8211; Avant m\u00eame de faire son sac !<\/span>  <span class=\"meta-nav\">&rarr;<\/span><\/a><\/p>\n","protected":false},"author":1,"featured_media":0,"parent":0,"menu_order":0,"comment_status":"open","ping_status":"open","template":"","meta":{"footnotes":""},"class_list":["post-1738","page","type-page","status-publish","hentry"],"_links":{"self":[{"href":"https:\/\/letourdalex.ilinux.fr\/index.php?rest_route=\/wp\/v2\/pages\/1738","targetHints":{"allow":["GET"]}}],"collection":[{"href":"https:\/\/letourdalex.ilinux.fr\/index.php?rest_route=\/wp\/v2\/pages"}],"about":[{"href":"https:\/\/letourdalex.ilinux.fr\/index.php?rest_route=\/wp\/v2\/types\/page"}],"author":[{"embeddable":true,"href":"https:\/\/letourdalex.ilinux.fr\/index.php?rest_route=\/wp\/v2\/users\/1"}],"replies":[{"embeddable":true,"href":"https:\/\/letourdalex.ilinux.fr\/index.php?rest_route=%2Fwp%2Fv2%2Fcomments&post=1738"}],"version-history":[{"count":0,"href":"https:\/\/letourdalex.ilinux.fr\/index.php?rest_route=\/wp\/v2\/pages\/1738\/revisions"}],"wp:attachment":[{"href":"https:\/\/letourdalex.ilinux.fr\/index.php?rest_route=%2Fwp%2Fv2%2Fmedia&parent=1738"}],"curies":[{"name":"wp","href":"https:\/\/api.w.org\/{rel}","templated":true}]}}